{"id":175,"date":"2024-11-15T00:31:10","date_gmt":"2024-11-15T00:31:10","guid":{"rendered":"https:\/\/cpo.lpmcom.pt\/faq\/"},"modified":"2025-08-24T22:45:45","modified_gmt":"2025-08-24T22:45:45","slug":"faq","status":"publish","type":"page","link":"https:\/\/cpoproject.com\/en\/faq\/","title":{"rendered":"FAQ"},"content":{"rendered":"","protected":false},"excerpt":{"rendered":"","protected":false},"author":1,"featured_media":0,"parent":0,"menu_order":0,"comment_status":"closed","ping_status":"closed","template":"","meta":{"_acf_changed":false,"footnotes":""},"class_list":["post-175","page","type-page","status-publish","hentry"],"acf":[],"yoast_head":"<!-- This site is optimized with the Yoast SEO plugin v25.8 - https:\/\/yoast.com\/wordpress\/plugins\/seo\/ -->\n<title>FAQ - CPO - Cardio Policy Optimizer<\/title>\n<meta name=\"robots\" content=\"index, follow, max-snippet:-1, max-image-preview:large, max-video-preview:-1\" \/>\n<link rel=\"canonical\" href=\"https:\/\/cpoproject.com\/en\/faq\/\" \/>\n<meta property=\"og:locale\" content=\"en_US\" \/>\n<meta property=\"og:type\" content=\"article\" \/>\n<meta property=\"og:title\" content=\"FAQ - CPO - Cardio Policy Optimizer\" \/>\n<meta property=\"og:url\" content=\"https:\/\/cpoproject.com\/en\/faq\/\" \/>\n<meta property=\"og:site_name\" content=\"CPO - Cardio Policy Optimizer\" \/>\n<meta property=\"article:modified_time\" content=\"2025-08-24T22:45:45+00:00\" \/>\n<meta property=\"og:image\" content=\"https:\/\/cpoproject.com\/wp-content\/uploads\/2025\/07\/Icon-Light-1024x1024-1.png\" \/>\n\t<meta property=\"og:image:width\" content=\"1024\" \/>\n\t<meta property=\"og:image:height\" content=\"1024\" \/>\n\t<meta property=\"og:image:type\" content=\"image\/png\" \/>\n<meta name=\"twitter:card\" content=\"summary_large_image\" \/>\n<script type=\"application\/ld+json\" class=\"yoast-schema-graph\">{\"@context\":\"https:\/\/schema.org\",\"@graph\":[{\"@type\":\"WebPage\",\"@id\":\"https:\/\/cpoproject.com\/en\/faq\/\",\"url\":\"https:\/\/cpoproject.com\/en\/faq\/\",\"name\":\"FAQ - CPO - Cardio Policy Optimizer\",\"isPartOf\":{\"@id\":\"https:\/\/cpoproject.com\/en\/#website\"},\"datePublished\":\"2024-11-15T00:31:10+00:00\",\"dateModified\":\"2025-08-24T22:45:45+00:00\",\"breadcrumb\":{\"@id\":\"https:\/\/cpoproject.com\/en\/faq\/#breadcrumb\"},\"inLanguage\":\"en-US\",\"potentialAction\":[{\"@type\":\"ReadAction\",\"target\":[\"https:\/\/cpoproject.com\/en\/faq\/\"]}]},{\"@type\":\"BreadcrumbList\",\"@id\":\"https:\/\/cpoproject.com\/en\/faq\/#breadcrumb\",\"itemListElement\":[{\"@type\":\"ListItem\",\"position\":1,\"name\":\"In\u00edcio\",\"item\":\"https:\/\/cpoproject.com\/en\/\"},{\"@type\":\"ListItem\",\"position\":2,\"name\":\"FAQ\"}]},{\"@type\":\"WebSite\",\"@id\":\"https:\/\/cpoproject.com\/en\/#website\",\"url\":\"https:\/\/cpoproject.com\/en\/\",\"name\":\"CPO - Cardio Policy Optimizer\",\"description\":\"O CPO \u00e9 ferramenta digital gratuita para profissionais de sa\u00fade e decisores. Baseada em evid\u00eancias, an app ajuda a otimizar pol\u00edticas de preven\u00e7\u00e3o e combate a doen\u00e7as cardiovasculares.\",\"publisher\":{\"@id\":\"https:\/\/cpoproject.com\/en\/#organization\"},\"potentialAction\":[{\"@type\":\"SearchAction\",\"target\":{\"@type\":\"EntryPoint\",\"urlTemplate\":\"https:\/\/cpoproject.com\/en\/?s={search_term_string}\"},\"query-input\":{\"@type\":\"PropertyValueSpecification\",\"valueRequired\":true,\"valueName\":\"search_term_string\"}}],\"inLanguage\":\"en-US\"},{\"@type\":\"Organization\",\"@id\":\"https:\/\/cpoproject.com\/en\/#organization\",\"name\":\"CPO - Cardio Policy Optimizer\",\"url\":\"https:\/\/cpoproject.com\/en\/\",\"logo\":{\"@type\":\"ImageObject\",\"inLanguage\":\"en-US\",\"@id\":\"https:\/\/cpoproject.com\/en\/#\/schema\/logo\/image\/\",\"url\":\"https:\/\/cpoproject.com\/wp-content\/uploads\/2025\/07\/Icon-Light-1024x1024-1.png\",\"contentUrl\":\"https:\/\/cpoproject.com\/wp-content\/uploads\/2025\/07\/Icon-Light-1024x1024-1.png\",\"width\":1024,\"height\":1024,\"caption\":\"CPO - Cardio Policy Optimizer\"},\"image\":{\"@id\":\"https:\/\/cpoproject.com\/en\/#\/schema\/logo\/image\/\"}}]}<\/script>\n<!-- \/ Yoast SEO plugin. -->","yoast_head_json":{"title":"FAQ - CPO - Cardio Policy Optimizer","robots":{"index":"index","follow":"follow","max-snippet":"max-snippet:-1","max-image-preview":"max-image-preview:large","max-video-preview":"max-video-preview:-1"},"canonical":"https:\/\/cpoproject.com\/en\/faq\/","og_locale":"en_US","og_type":"article","og_title":"FAQ - CPO - Cardio Policy Optimizer","og_url":"https:\/\/cpoproject.com\/en\/faq\/","og_site_name":"CPO - Cardio Policy Optimizer","article_modified_time":"2025-08-24T22:45:45+00:00","og_image":[{"width":1024,"height":1024,"url":"https:\/\/cpoproject.com\/wp-content\/uploads\/2025\/07\/Icon-Light-1024x1024-1.png","type":"image\/png"}],"twitter_card":"summary_large_image","schema":{"@context":"https:\/\/schema.org","@graph":[{"@type":"WebPage","@id":"https:\/\/cpoproject.com\/en\/faq\/","url":"https:\/\/cpoproject.com\/en\/faq\/","name":"FAQ - CPO - Cardio Policy Optimizer","isPartOf":{"@id":"https:\/\/cpoproject.com\/en\/#website"},"datePublished":"2024-11-15T00:31:10+00:00","dateModified":"2025-08-24T22:45:45+00:00","breadcrumb":{"@id":"https:\/\/cpoproject.com\/en\/faq\/#breadcrumb"},"inLanguage":"en-US","potentialAction":[{"@type":"ReadAction","target":["https:\/\/cpoproject.com\/en\/faq\/"]}]},{"@type":"BreadcrumbList","@id":"https:\/\/cpoproject.com\/en\/faq\/#breadcrumb","itemListElement":[{"@type":"ListItem","position":1,"name":"In\u00edcio","item":"https:\/\/cpoproject.com\/en\/"},{"@type":"ListItem","position":2,"name":"FAQ"}]},{"@type":"WebSite","@id":"https:\/\/cpoproject.com\/en\/#website","url":"https:\/\/cpoproject.com\/en\/","name":"CPO - Cardio Policy Optimizer","description":"O CPO \u00e9 ferramenta digital gratuita para profissionais de sa\u00fade e decisores. Baseada em evid\u00eancias, an app ajuda a otimizar pol\u00edticas de preven\u00e7\u00e3o e combate a doen\u00e7as cardiovasculares.","publisher":{"@id":"https:\/\/cpoproject.com\/en\/#organization"},"potentialAction":[{"@type":"SearchAction","target":{"@type":"EntryPoint","urlTemplate":"https:\/\/cpoproject.com\/en\/?s={search_term_string}"},"query-input":{"@type":"PropertyValueSpecification","valueRequired":true,"valueName":"search_term_string"}}],"inLanguage":"en-US"},{"@type":"Organization","@id":"https:\/\/cpoproject.com\/en\/#organization","name":"CPO - Cardio Policy Optimizer","url":"https:\/\/cpoproject.com\/en\/","logo":{"@type":"ImageObject","inLanguage":"en-US","@id":"https:\/\/cpoproject.com\/en\/#\/schema\/logo\/image\/","url":"https:\/\/cpoproject.com\/wp-content\/uploads\/2025\/07\/Icon-Light-1024x1024-1.png","contentUrl":"https:\/\/cpoproject.com\/wp-content\/uploads\/2025\/07\/Icon-Light-1024x1024-1.png","width":1024,"height":1024,"caption":"CPO - Cardio Policy Optimizer"},"image":{"@id":"https:\/\/cpoproject.com\/en\/#\/schema\/logo\/image\/"}}]}},"_links":{"self":[{"href":"https:\/\/cpoproject.com\/en\/wp-json\/wp\/v2\/pages\/175","targetHints":{"allow":["GET"]}}],"collection":[{"href":"https:\/\/cpoproject.com\/en\/wp-json\/wp\/v2\/pages"}],"about":[{"href":"https:\/\/cpoproject.com\/en\/wp-json\/wp\/v2\/types\/page"}],"author":[{"embeddable":true,"href":"https:\/\/cpoproject.com\/en\/wp-json\/wp\/v2\/users\/1"}],"replies":[{"embeddable":true,"href":"https:\/\/cpoproject.com\/en\/wp-json\/wp\/v2\/comments?post=175"}],"version-history":[{"count":3,"href":"https:\/\/cpoproject.com\/en\/wp-json\/wp\/v2\/pages\/175\/revisions"}],"predecessor-version":[{"id":524,"href":"https:\/\/cpoproject.com\/en\/wp-json\/wp\/v2\/pages\/175\/revisions\/524"}],"wp:attachment":[{"href":"https:\/\/cpoproject.com\/en\/wp-json\/wp\/v2\/media?parent=175"}],"curies":[{"name":"wp","href":"https:\/\/api.w.org\/{rel}","templated":true}]}}